{"id":893,"date":"2023-01-22T17:40:14","date_gmt":"2023-01-22T16:40:14","guid":{"rendered":"https:\/\/www.bogenfluesterer-ev.de\/?page_id=893"},"modified":"2024-06-30T12:00:17","modified_gmt":"2024-06-30T11:00:17","slug":"stufenschiessen","status":"publish","type":"page","link":"https:\/\/www.bogenfluesterer-ev.de\/?page_id=893","title":{"rendered":"Stufenschie\u00dfen"},"content":{"rendered":"\n<p>Im Verein hat sich eine vereinsinterne Leistungskontrolle etabliert, bei der sich die Mitglieder einmal im Monat messen k\u00f6nnen. Das Stufenschie\u00dfen bietet eine gute M\u00f6glichkeit, seine pers\u00f6nliche Leistungssteigerung zu kontrollieren. <\/p>\n\n\n\n<h2 class=\"wp-block-heading\">Aktuelle Ergebnisse des Stufenschie\u00dfens<\/h2>\n\n\n\n<p>Einmal im Monat wird eine grafische \u00dcbersicht erstellt, die die Ergebnisse vereinsweit darstellt): <\/p>\n\n\n\n<div data-wp-interactive=\"core\/file\" class=\"wp-block-file\"><object data-wp-bind--hidden=\"!state.hasPdfPreview\" hidden class=\"wp-block-file__embed\" data=\"https:\/\/www.bogenfluesterer-ev.de\/wp-content\/uploads\/2024\/06\/Stufenschiessen-Grafik-06_2024.pdf\" type=\"application\/pdf\" style=\"width:100%;height:600px\" aria-label=\"Einbettung von Stufenschie\u00dfen Grafik 2024 (Stand 28.06.2024).\"><\/object><a id=\"wp-block-file--media-166d36af-1d4f-4abb-8ded-64ea19078bc8\" href=\"https:\/\/www.bogenfluesterer-ev.de\/wp-content\/uploads\/2024\/06\/Stufenschiessen-Grafik-06_2024.pdf\">Stufenschie\u00dfen Grafik 2024 (Stand 28.06.2024)<\/a><a href=\"https:\/\/www.bogenfluesterer-ev.de\/wp-content\/uploads\/2024\/06\/Stufenschiessen-Grafik-06_2024.pdf\" class=\"wp-block-file__button wp-element-button\" download aria-describedby=\"wp-block-file--media-166d36af-1d4f-4abb-8ded-64ea19078bc8\">Herunterladen<\/a><\/div>\n\n\n\n<h2 class=\"wp-block-heading\">Wie funktioniert das Stufenschie\u00dfen?<\/h2>\n\n\n\n<p><sub>(Stand 03. Januar 2023)<\/sub><\/p>\n\n\n\n<p>Das Stufenschie\u00dfen wird ca. alle vier Wochen, m\u00f6glichst am ersten Freitag eines Monats, vom Verein angeboten. Die konkreten Termine sind sowohl im <a rel=\"noreferrer noopener\" href=\"https:\/\/www.bogenfluesterer-ev.de\/?page_id=143\" data-type=\"page\" data-id=\"143\" target=\"_blank\">Vereinskalender<\/a> als auch auf der <a rel=\"noreferrer noopener\" href=\"https:\/\/www.bogenfluesterer-ev.de\/?page_id=886\" data-type=\"page\" data-id=\"886\" target=\"_blank\">\u00dcbersichtsseite zu Sonderterminen<\/a> aufgef\u00fchrt. <\/p>\n\n\n\n<div style=\"height:31px\" aria-hidden=\"true\" class=\"wp-block-spacer\"><\/div>\n\n\n\n<p>Nach dem gemeinsamen Aufw\u00e4rmen erfolgen zwei Passen mit je f\u00fcnf Probepfeilen und eine Passe mit f\u00fcnf Wertungspfeilen (2&#215;5 Probe und 1&#215;5 Wertung). <\/p>\n\n\n\n<div style=\"height:31px\" aria-hidden=\"true\" class=\"wp-block-spacer\"><\/div>\n\n\n\n<p>Das Stufenschie\u00dfen findet in zwei Altersklassen statt:<\/p>\n\n\n\n<figure class=\"wp-block-table\"><table><tbody><tr><td><strong>Sch\u00fclerklasse<\/strong><br>Kinder bis zum vollendeten 15. Lebensjahr schie\u00dfen auf 10m<\/td><\/tr><tr><td><strong>Sch\u00fctzenklasse<\/strong><br>Jugendliche und Erwachsene ab 15 Jahren schie\u00dfen auf 18m<\/td><\/tr><\/tbody><\/table><figcaption class=\"wp-element-caption\">Altersklassen<\/figcaption><\/figure>\n\n\n\n<div style=\"height:31px\" aria-hidden=\"true\" class=\"wp-block-spacer\"><\/div>\n\n\n\n<p>Die Gr\u00f6\u00dfe der Auflage wird durch die genutzte Bogenart bestimmt: <\/p>\n\n\n\n<figure class=\"wp-block-table\"><table><tbody><tr><td><strong>Recurveb\u00f6gen mit Visier<\/strong><br>40 cm-Auflage, auf Wunsch 3 x 20 cm-Spot<\/td><\/tr><tr><td><strong>Alle B\u00f6gen ohne Visier<\/strong><br>60 cm-Auflage<\/td><\/tr><tr><td><strong>Compoundb\u00f6gen (nur die Innenzehn)<\/strong><br>40 cm-Auflage, auf Wunsch 3 x 20 cm-Spot<\/td><\/tr><\/tbody><\/table><figcaption class=\"wp-element-caption\">Auflagengr\u00f6\u00dfe<\/figcaption><\/figure>\n\n\n\n<div style=\"height:31px\" aria-hidden=\"true\" class=\"wp-block-spacer\"><\/div>\n\n\n\n<p>Es wird grunds\u00e4tzlich bei Stufe 1 begonnen und es k\u00f6nnen keine Stufen \u00fcbersprungen werden. Nach einem Wechsel der Bogen- oder Altersklasse wird erneut bei Stufe 1 begonnen.<\/p>\n\n\n\n<p>Der Reihe nach k\u00f6nnen folgende Stufen geschossen werden:<\/p>\n\n\n\n<figure class=\"wp-block-table\"><table><tbody><tr><td><strong>Stufe 1:<\/strong> 15 Ringe<\/td><td><strong>Stufe 6:<\/strong> 38 Ringe<\/td><td><strong>Stufe 11: <\/strong>46 Ringe<\/td><\/tr><tr><td><strong>Stufe 2:<\/strong> 20 Ringe<\/td><td><strong>Stufe 7:<\/strong> 40 Ringe<\/td><td><strong>Stufe 12:<\/strong> 47 Ringe<\/td><\/tr><tr><td><strong>Stufe 3: <\/strong>25 Ringe<\/td><td><strong>Stufe 8:<\/strong> 42 Ringe<\/td><td><strong>Stufe 13:<\/strong> 48 Ringe<\/td><\/tr><tr><td><strong>Stufe 4:<\/strong> 30 Ringe<\/td><td><strong>Stufe 9:<\/strong> 44 Ringe<\/td><td><strong>Stufe 14:<\/strong> 49 Ringe<\/td><\/tr><tr><td><strong>Stufe 5:<\/strong> 35 Ringe<\/td><td><strong>Stufe 10:<\/strong> 45 Ringe<\/td><td><strong>Stufe 15:<\/strong> 50 Ringe<\/td><\/tr><\/tbody><\/table><figcaption class=\"wp-element-caption\">Stufenstaffelung<\/figcaption><\/figure>\n\n\n\n<div style=\"height:31px\" aria-hidden=\"true\" class=\"wp-block-spacer\"><\/div>\n\n\n\n<p>Teilnehmende Sch\u00fctzen erhalten Stufen- und Wertungszettel zur pers\u00f6nlichen Dokumentation der erreichten Ergebnisse und Stufen.<\/p>\n\n\n\n<p>Der Verein pflegt zudem eine \u00dcbersicht der bisher erreichten Stufen. Diese wird auf der Website des Vereins ver\u00f6ffentlicht.<\/p>\n\n\n\n<p>Das Nachholen eines verpassten Stufenschie\u00dfens in regul\u00e4ren Schie\u00df- oder Trainingseinheiten ist nicht m\u00f6glich.<\/p>\n\n\n\n<blockquote class=\"wp-block-quote is-layout-flow wp-block-quote-is-layout-flow\">\n<p>Viel Spa\u00df, Erfolg und \u201eAlle ins Gold!\u201c<\/p>\n<\/blockquote>\n","protected":false},"excerpt":{"rendered":"<p>Im Verein hat sich eine vereinsinterne Leistungskontrolle etabliert, bei der sich die Mitglieder einmal im Monat messen k\u00f6nnen. Das Stufenschie\u00dfen bietet eine gute M\u00f6glichkeit, seine pers\u00f6nliche Leistungssteigerung zu kontrollieren. Aktuelle Ergebnisse des Stufenschie\u00dfens Einmal im Monat wird eine grafische \u00dcbersicht erstellt, die die Ergebnisse vereinsweit darstellt): Wie funktioniert das Stufenschie\u00dfen? (Stand 03. Januar 2023) Das &hellip; <\/p>\n<p class=\"link-more\"><a href=\"https:\/\/www.bogenfluesterer-ev.de\/?page_id=893\" class=\"more-link\"><span class=\"screen-reader-text\">\u201eStufenschie\u00dfen\u201c<\/span> weiterlesen<\/a><\/p>\n","protected":false},"author":5,"featured_media":0,"parent":0,"menu_order":0,"comment_status":"closed","ping_status":"closed","template":"","meta":{"ngg_post_thumbnail":0,"footnotes":""},"class_list":["post-893","page","type-page","status-publish","hentry"],"_links":{"self":[{"href":"https:\/\/www.bogenfluesterer-ev.de\/index.php?rest_route=\/wp\/v2\/pages\/893","targetHints":{"allow":["GET"]}}],"collection":[{"href":"https:\/\/www.bogenfluesterer-ev.de\/index.php?rest_route=\/wp\/v2\/pages"}],"about":[{"href":"https:\/\/www.bogenfluesterer-ev.de\/index.php?rest_route=\/wp\/v2\/types\/page"}],"author":[{"embeddable":true,"href":"https:\/\/www.bogenfluesterer-ev.de\/index.php?rest_route=\/wp\/v2\/users\/5"}],"replies":[{"embeddable":true,"href":"https:\/\/www.bogenfluesterer-ev.de\/index.php?rest_route=%2Fwp%2Fv2%2Fcomments&post=893"}],"version-history":[{"count":51,"href":"https:\/\/www.bogenfluesterer-ev.de\/index.php?rest_route=\/wp\/v2\/pages\/893\/revisions"}],"predecessor-version":[{"id":1225,"href":"https:\/\/www.bogenfluesterer-ev.de\/index.php?rest_route=\/wp\/v2\/pages\/893\/revisions\/1225"}],"wp:attachment":[{"href":"https:\/\/www.bogenfluesterer-ev.de\/index.php?rest_route=%2Fwp%2Fv2%2Fmedia&parent=893"}],"curies":[{"name":"wp","href":"https:\/\/api.w.org\/{rel}","templated":true}]}}