{"id":886,"date":"2023-01-22T16:07:40","date_gmt":"2023-01-22T15:07:40","guid":{"rendered":"https:\/\/www.bogenfluesterer-ev.de\/?page_id=886"},"modified":"2023-12-17T18:16:04","modified_gmt":"2023-12-17T17:16:04","slug":"sondertermine","status":"publish","type":"page","link":"https:\/\/www.bogenfluesterer-ev.de\/?page_id=886","title":{"rendered":"Sondertermine"},"content":{"rendered":"\n<h2 class=\"wp-block-heading\">Sondertrainings\/Technikeinheiten<\/h2>\n\n\n\n<p>Neben dem regul\u00e4ren Training werden regelm\u00e4\u00dfig Sondertrainings angeboten, in denen schwerpunktm\u00e4\u00dfig Einzelaspekte des Bogenschie\u00dfens einmal im Monat n\u00e4her behandelt werden.  Die Termine sind im <a href=\"https:\/\/www.bogenfluesterer-ev.de\/?page_id=143\" data-type=\"page\" data-id=\"143\" target=\"_blank\" rel=\"noreferrer noopener\">Vereinskalender<\/a> hinterlegt. <\/p>\n\n\n\n<h2 class=\"wp-block-heading\">Stufenschie\u00dfen<\/h2>\n\n\n\n<p>Im Verein gibt es eine vereinsinterne Leistungskontrolle, bei der sich die Mitglieder einmal im Monat messen k\u00f6nnen.  N\u00e4here Informationen zum Stufenschie\u00dfen gibt es <a href=\"https:\/\/www.bogenfluesterer-ev.de\/?page_id=893\" data-type=\"page\" data-id=\"893\" target=\"_blank\" rel=\"noreferrer noopener\">hier<\/a>. <\/p>\n\n\n\n<p><\/p>\n","protected":false},"excerpt":{"rendered":"<p>Sondertrainings\/Technikeinheiten Neben dem regul\u00e4ren Training werden regelm\u00e4\u00dfig Sondertrainings angeboten, in denen schwerpunktm\u00e4\u00dfig Einzelaspekte des Bogenschie\u00dfens einmal im Monat n\u00e4her behandelt werden. Die Termine sind im Vereinskalender hinterlegt. Stufenschie\u00dfen Im Verein gibt es eine vereinsinterne Leistungskontrolle, bei der sich die Mitglieder einmal im Monat messen k\u00f6nnen. N\u00e4here Informationen zum Stufenschie\u00dfen gibt es hier.<\/p>\n","protected":false},"author":3,"featured_media":0,"parent":0,"menu_order":0,"comment_status":"closed","ping_status":"closed","template":"","meta":{"ngg_post_thumbnail":0,"footnotes":""},"class_list":["post-886","page","type-page","status-publish","hentry"],"_links":{"self":[{"href":"https:\/\/www.bogenfluesterer-ev.de\/index.php?rest_route=\/wp\/v2\/pages\/886","targetHints":{"allow":["GET"]}}],"collection":[{"href":"https:\/\/www.bogenfluesterer-ev.de\/index.php?rest_route=\/wp\/v2\/pages"}],"about":[{"href":"https:\/\/www.bogenfluesterer-ev.de\/index.php?rest_route=\/wp\/v2\/types\/page"}],"author":[{"embeddable":true,"href":"https:\/\/www.bogenfluesterer-ev.de\/index.php?rest_route=\/wp\/v2\/users\/3"}],"replies":[{"embeddable":true,"href":"https:\/\/www.bogenfluesterer-ev.de\/index.php?rest_route=%2Fwp%2Fv2%2Fcomments&post=886"}],"version-history":[{"count":6,"href":"https:\/\/www.bogenfluesterer-ev.de\/index.php?rest_route=\/wp\/v2\/pages\/886\/revisions"}],"predecessor-version":[{"id":1154,"href":"https:\/\/www.bogenfluesterer-ev.de\/index.php?rest_route=\/wp\/v2\/pages\/886\/revisions\/1154"}],"wp:attachment":[{"href":"https:\/\/www.bogenfluesterer-ev.de\/index.php?rest_route=%2Fwp%2Fv2%2Fmedia&parent=886"}],"curies":[{"name":"wp","href":"https:\/\/api.w.org\/{rel}","templated":true}]}}