{"id":7,"date":"2020-01-13T17:48:07","date_gmt":"2020-01-13T16:48:07","guid":{"rendered":"https:\/\/wp-a.bogenfluesterer-ev.de\/?page_id=7"},"modified":"2021-11-03T21:56:39","modified_gmt":"2021-11-03T20:56:39","slug":"ueber-uns","status":"publish","type":"page","link":"https:\/\/www.bogenfluesterer-ev.de\/?page_id=7","title":{"rendered":"\u00dcber uns"},"content":{"rendered":"\n<div class=\"wp-block-image\"><figure class=\"aligncenter size-large\"><img loading=\"lazy\" decoding=\"async\" width=\"1024\" height=\"576\" src=\"https:\/\/www.bogenfluesterer-ev.de\/wp-content\/uploads\/2020\/10\/TSE_2784-edited-1024x576.jpg\" alt=\"\" class=\"wp-image-407\" srcset=\"https:\/\/www.bogenfluesterer-ev.de\/wp-content\/uploads\/2020\/10\/TSE_2784-edited-1024x576.jpg 1024w, https:\/\/www.bogenfluesterer-ev.de\/wp-content\/uploads\/2020\/10\/TSE_2784-edited-300x169.jpg 300w, https:\/\/www.bogenfluesterer-ev.de\/wp-content\/uploads\/2020\/10\/TSE_2784-edited-768x432.jpg 768w, https:\/\/www.bogenfluesterer-ev.de\/wp-content\/uploads\/2020\/10\/TSE_2784-edited-1536x864.jpg 1536w, https:\/\/www.bogenfluesterer-ev.de\/wp-content\/uploads\/2020\/10\/TSE_2784-edited.jpg 1920w\" sizes=\"auto, (max-width: 767px) 89vw, (max-width: 1000px) 54vw, (max-width: 1071px) 543px, 580px\" \/><\/figure><\/div>\n\n\n\n<p>wir &#8211; der <em>&#8222;Bogenfl\u00fcsterer e.V.&#8220;<\/em> &#8211; sind eine Gruppe leidenschaftlicher Fans des Bogensports im S\u00fcden K\u00f6lns!<\/p>\n\n\n\n<p>Bei uns gibt es Sch\u00fctzen vom Langbogen, \u00fcber Blankbogen, Olympischen Recurve bis zum hochentwickelten Compoundbogen. Jung wie Alt, Damen wie Herren &#8211; alle lieben es, ihren Sport in angenehmer Gesellschaft bei uns nachzugehen.<\/p>\n\n\n\n<p>\n\tWir nehmen an Turnieren und Meisterschaften teil, haben aber auch viele andere Aktivit\u00e4ten \u00fcber das Jahr verteilt.<\/p>\n\n\n\n<p>Au\u00dfer dem regelm\u00e4\u00dfigen Training bieten wir auch immer wieder besondere Trainingseinheiten an und organisieren spezielle Veranstaltungen.<\/p>\n\n\n\n<p>Den Bogensport kann jeder erlernen, egal ob zum Freizeitspa\u00df oder mit sportlichem Ehrgeiz. Ab ca. 6 Jahre kann man bis ins hohe Alter mitmachen!<\/p>\n\n\n\n<p>Wer Lust hat mitzumachen oder zumindest einmal probeweise bei uns zu trainieren, der kann sich sehr gerne bei uns melden.<\/p>\n\n\n\n<p><\/p>\n","protected":false},"excerpt":{"rendered":"<p>wir &#8211; der &#8222;Bogenfl\u00fcsterer e.V.&#8220; &#8211; sind eine Gruppe leidenschaftlicher Fans des Bogensports im S\u00fcden K\u00f6lns! Bei uns gibt es Sch\u00fctzen vom Langbogen, \u00fcber Blankbogen, Olympischen Recurve bis zum hochentwickelten Compoundbogen. Jung wie Alt, Damen wie Herren &#8211; alle lieben es, ihren Sport in angenehmer Gesellschaft bei uns nachzugehen. Wir nehmen an Turnieren und Meisterschaften &hellip; <\/p>\n<p class=\"link-more\"><a href=\"https:\/\/www.bogenfluesterer-ev.de\/?page_id=7\" class=\"more-link\"><span class=\"screen-reader-text\">\u201e\u00dcber uns\u201c<\/span> weiterlesen<\/a><\/p>\n","protected":false},"author":1,"featured_media":0,"parent":0,"menu_order":0,"comment_status":"closed","ping_status":"closed","template":"","meta":{"ngg_post_thumbnail":0,"footnotes":""},"class_list":["post-7","page","type-page","status-publish","hentry"],"_links":{"self":[{"href":"https:\/\/www.bogenfluesterer-ev.de\/index.php?rest_route=\/wp\/v2\/pages\/7","targetHints":{"allow":["GET"]}}],"collection":[{"href":"https:\/\/www.bogenfluesterer-ev.de\/index.php?rest_route=\/wp\/v2\/pages"}],"about":[{"href":"https:\/\/www.bogenfluesterer-ev.de\/index.php?rest_route=\/wp\/v2\/types\/page"}],"author":[{"embeddable":true,"href":"https:\/\/www.bogenfluesterer-ev.de\/index.php?rest_route=\/wp\/v2\/users\/1"}],"replies":[{"embeddable":true,"href":"https:\/\/www.bogenfluesterer-ev.de\/index.php?rest_route=%2Fwp%2Fv2%2Fcomments&post=7"}],"version-history":[{"count":6,"href":"https:\/\/www.bogenfluesterer-ev.de\/index.php?rest_route=\/wp\/v2\/pages\/7\/revisions"}],"predecessor-version":[{"id":562,"href":"https:\/\/www.bogenfluesterer-ev.de\/index.php?rest_route=\/wp\/v2\/pages\/7\/revisions\/562"}],"wp:attachment":[{"href":"https:\/\/www.bogenfluesterer-ev.de\/index.php?rest_route=%2Fwp%2Fv2%2Fmedia&parent=7"}],"curies":[{"name":"wp","href":"https:\/\/api.w.org\/{rel}","templated":true}]}}