{"id":654,"date":"2022-09-17T19:15:01","date_gmt":"2022-09-17T18:15:01","guid":{"rendered":"https:\/\/www.bogenfluesterer-ev.de\/?page_id=654"},"modified":"2023-05-07T14:57:06","modified_gmt":"2023-05-07T13:57:06","slug":"mitgliedsbeitraege","status":"publish","type":"page","link":"https:\/\/www.bogenfluesterer-ev.de\/?page_id=654","title":{"rendered":"Mitgliedschaft"},"content":{"rendered":"\n<p>Unser gemeinn\u00fctziger Verein befasst sich ausschlie\u00dflich mit dem Bogensport. Zu seinen Mitgliedern z\u00e4hlen Kinder (bereits oft schon ab dem Grundschulalter), Jugendliche und Erwachsene (durchaus auch bis ins hohe Alter). Neben dem pers\u00f6nlichen Training nehmen Vereinsmitglieder auch regelm\u00e4\u00dfig an Turnieren teil. Der Verein richtet zudem auch Meisterschaften aus. <\/p>\n\n\n\n<p>F\u00fcr eine Mitgliedschaft sollten wir uns unbedingt vorher kennenlernen. Bei uns stehen Spa\u00df und Erfolg bei der Aus\u00fcbung dies Bogensports im Vordergrund des Vereins. Nat\u00fcrlich sollten sich daher die Mitglieder auch untereinander gut verstehen.<\/p>\n\n\n\n<p>Hierzu besteht die M\u00f6glichkeit eines Schnuppertrainings oder Schnupperkurses.<\/p>\n\n\n\n<p>Meldet Euch bitte daf\u00fcr zuvor bei uns (<a href=\"https:\/\/www.bogenfluesterer-ev.de\/?page_id=8\" data-type=\"page\" data-id=\"8\">Kontakt<\/a>). <\/p>\n\n\n\n<p>Falls Ihr nicht selbst diese Sportart aus\u00fcben m\u00f6chtet, jedoch den Verein unterst\u00fctzen wollt und auch an den Vereinsaktivit\u00e4ten teilhaben wollt, besteht die M\u00f6glichkeit einer <a href=\"#Foerdermitglied\" data-type=\"internal\" data-id=\"#Foerdermitglied\">F\u00f6rdermitgliedschaft<\/a>. <\/p>\n\n\n\n<p>Neben der <a href=\"#Vollmitglied\">Vollmitgliedschaft<\/a> erm\u00f6glichen wir erfahrenen Sch\u00fctzen, die ohne das vereinseigene Training auskommen, die Teilnahme an Turnieren im Rahmen einer <a href=\"#Turniermitglied\">Turniermitgliedschaft<\/a>.<\/p>\n\n\n\n<h2 class=\"wp-block-heading\">Schnuppertraining\/Schnupperkurs<\/h2>\n\n\n\n<p>Gew\u00f6hnlich k\u00f6nnen Ihr ein Schnuppertraining w\u00e4hrend des normalen Trainings absolvieren, so dass Ihr Vereinsmitglieder direkt kennenlernen k\u00f6nnt und wir nat\u00fcrlich auch Euch. <\/p>\n\n\n\n<p>Da auch wir nur begrenzt Platz in der Turnhalle oder auf dem Au\u00dfengel\u00e4nde, sowie Material vor Ort haben und zugleich das gestiegene Interesse an dieser sch\u00f6nen Sportart seit einiger Zeit auch bei uns deutlich zu sp\u00fcren ist, bitten wir von spontanen Schnuppertrainings ohne vorherige Absprache abzusehen. <\/p>\n\n\n\n<p>Gern vereinbaren wir mit Euch ein Trainingstermin und k\u00f6nnen dann auch einen passenden Bogen vorhalten. Nur so haben wir f\u00fcr Euch ausreichend Zeit f\u00fcr Erkl\u00e4rungen und k\u00f6nnen die n\u00f6tige Hilfe beim zumeist ersten Umgang mit einem Bogen geben!<\/p>\n\n\n\n<p>In regelm\u00e4\u00dfigen Abst\u00e4nden f\u00fchren wir bei entsprechender Nachfrage Schnupperkurse durch. Auch hierf\u00fcr nehmt bitte fr\u00fchzeitig <a href=\"https:\/\/www.bogenfluesterer-ev.de\/?page_id=8\" data-type=\"page\" data-id=\"8\">Kontakt<\/a> mit uns auf! <\/p>\n\n\n\n<h2 class=\"wp-block-heading\">Aufnahmeantrag<\/h2>\n\n\n\n<p>F\u00fcr die Aufnahme in den Verein muss ein <a href=\"https:\/\/www.bogenfluesterer-ev.de\/wp-content\/uploads\/2023\/05\/Aufnahmeantrag-Bogenfluesterer-eV.pdf\" data-type=\"attachment\" data-id=\"984\" target=\"_blank\" rel=\"noreferrer noopener\">Aufnahmeantrag (Download PDF)<\/a> gestellt werden. <\/p>\n\n\n\n<p>Im Rahmen der Mitgliedschaft sind die <a href=\"https:\/\/www.bogenfluesterer-ev.de\/wp-content\/uploads\/2022\/09\/Vereinssatzung-Bogenfluesterer-eV.pdf\" data-type=\"attachment\" data-id=\"739\" target=\"_blank\" rel=\"noreferrer noopener\">Vereinssatzung (Download PDF)<\/a> und die <a href=\"https:\/\/www.bogenfluesterer-ev.de\/wp-content\/uploads\/2022\/09\/Platzordnung-Bogenfluesterer-eV.pdf\" data-type=\"attachment\" data-id=\"738\" target=\"_blank\" rel=\"noreferrer noopener\">Platzordnung (Download PDF)<\/a> anzuerkennen. <\/p>\n\n\n\n<h1 class=\"wp-block-heading\">Mitgliedsbeitr\u00e4ge<\/h1>\n\n\n\n<p>Damit es richtig rund l\u00e4uft brauchen auch wir zur Finanzierung nat\u00fcrlich Beitr\u00e4ge von den Mitgliedern. Diese werden f\u00fcr laufende Kosten oder notwendiges Material und \u00e4hnlichem verwendet. Regelm\u00e4\u00dfig berichtet hierzu der Vorstand im Rahmen der mindestens einmal im Jahr stattfindenden Mitgliederversammlungen. <\/p>\n\n\n\n<h2 class=\"wp-block-heading\">Hinweise zu den Mitgliedsbeitr\u00e4gen<\/h2>\n\n\n\n<p>Das Beitragsjahr entspricht dem Kalenderjahr. Wer im laufenden Jahr einsteigt, der zahlt je nach Zeitpunkt im ersten Jahr einen reduzierten Jahresbeitrag: F\u00fcr Beitritt ab dem&nbsp;01.04.&nbsp;noch&nbsp;75%, ab dem&nbsp;01.07.&nbsp;noch&nbsp;50%, ab dem&nbsp;01.10.&nbsp;noch&nbsp;25%&nbsp;des jeweiligen Jahresbeitrages.<\/p>\n\n\n\n<p>Mitglieder gelten als Jugendliche, wenn sie ihr 18. Lebensjahr noch nicht vollendet haben. <\/p>\n\n\n\n<p>Die reduzierte Jahresgeb\u00fchr f\u00fcr das Beitrittsjahr gilt&nbsp;<em>nicht<\/em>&nbsp;f\u00fcr F\u00f6rdermitglieder!<\/p>\n\n\n\n<p><em>Anfragen wegen spezieller Tarife f\u00fcr Familien, K\u00f6ln-Pass oder \u00e4hnliches bitte gerne an den&nbsp;<a href=\"https:\/\/www.bogenfluesterer-ev.de\/?page_id=8\" data-type=\"page\" data-id=\"8\">Verein<\/a>&nbsp;richten.<\/em><\/p>\n\n\n\n<h2 class=\"wp-block-heading\">Aufnahmegeb\u00fchr<\/h2>\n\n\n\n<p>einmalig f\u00fcr Erwachsene (au\u00dfer F\u00f6rdermitglieder):&nbsp;<strong>50,- \u20ac<\/strong><br>einmalig f\u00fcr Jugendliche (au\u00dfer F\u00f6rdermitglieder):&nbsp; <strong>25,- \u20ac<\/strong><\/p>\n\n\n\n<h2 class=\"wp-block-heading\">Arten der Mitgliedschaft<\/h2>\n\n\n\n<h3 class=\"wp-block-heading\" id=\"Vollmitglied\">Vollmitglied<\/h3>\n\n\n\n<ul class=\"wp-block-list\">\n<li>volle Trainingsteilnahme<\/li>\n\n\n\n<li>Turnierstart f\u00fcr Verein<\/li>\n\n\n\n<li>Mitgliedschaft RSB\/BVNW<\/li>\n\n\n\n<li>Sonderaktivit\u00e4ten des Vereins<\/li>\n<\/ul>\n\n\n\n<p>Jahresbeitrag Erwachsene:&nbsp;<strong>120,- \u20ac<\/strong><br>Jahresbeitrag Jugendliche:&nbsp;&nbsp;<strong>60,- \u20ac<\/strong><\/p>\n\n\n\n<h3 class=\"wp-block-heading\" id=\"Turniermitglied\">Turniermitglied<\/h3>\n\n\n\n<ul class=\"wp-block-list\">\n<li><strong>keine<\/strong>&nbsp;Trainingsteilnahme<\/li>\n\n\n\n<li>Turnierstart f\u00fcr Verein<\/li>\n\n\n\n<li>Mitgliedschaft RSB\/BVNW<\/li>\n\n\n\n<li>Sonderaktivit\u00e4ten des Vereins<\/li>\n<\/ul>\n\n\n\n<p>Jahresbeitrag Erwachsene:&nbsp;<strong>40,- \u20ac<\/strong><br>Jahresbeitrag Jugendliche:&nbsp;&nbsp;<strong>20,- \u20ac<\/strong>&nbsp;<\/p>\n\n\n\n<h3 class=\"wp-block-heading\" id=\"Foerdermitglied\">F\u00f6rdermitglied<\/h3>\n\n\n\n<ul class=\"wp-block-list\">\n<li><strong>keine<\/strong>&nbsp;Trainingsteilnahme<\/li>\n\n\n\n<li><strong>kein<\/strong>&nbsp;Turnierstart f\u00fcr Verein<\/li>\n\n\n\n<li>Mitgliedschaft RSB<\/li>\n\n\n\n<li>Sonderaktivit\u00e4ten des Vereins<\/li>\n<\/ul>\n\n\n\n<p>Jahresbeitrag Erwachsene:&nbsp;<strong>mindestens 12,- \u20ac<\/strong><br>Jahresbeitrag Jugendliche:&nbsp;<strong>mindestens 0,- \u20ac<\/strong><\/p>\n\n\n\n<h2 class=\"wp-block-heading\">K\u00fcndigung<\/h2>\n\n\n\n<p>Eine K\u00fcndigung der Mitgliedschaft ist immer zum Jahresende mit einer Frist von drei Monaten formlos, aber in schriftlicher Form (Brief, E-Mail) m\u00f6glich. <\/p>\n\n\n\n<p><\/p>\n","protected":false},"excerpt":{"rendered":"<p>Unser gemeinn\u00fctziger Verein befasst sich ausschlie\u00dflich mit dem Bogensport. Zu seinen Mitgliedern z\u00e4hlen Kinder (bereits oft schon ab dem Grundschulalter), Jugendliche und Erwachsene (durchaus auch bis ins hohe Alter). Neben dem pers\u00f6nlichen Training nehmen Vereinsmitglieder auch regelm\u00e4\u00dfig an Turnieren teil. Der Verein richtet zudem auch Meisterschaften aus. F\u00fcr eine Mitgliedschaft sollten wir uns unbedingt vorher &hellip; <\/p>\n<p class=\"link-more\"><a href=\"https:\/\/www.bogenfluesterer-ev.de\/?page_id=654\" class=\"more-link\"><span class=\"screen-reader-text\">\u201eMitgliedschaft\u201c<\/span> weiterlesen<\/a><\/p>\n","protected":false},"author":3,"featured_media":0,"parent":0,"menu_order":0,"comment_status":"closed","ping_status":"closed","template":"","meta":{"ngg_post_thumbnail":0,"footnotes":""},"class_list":["post-654","page","type-page","status-publish","hentry"],"_links":{"self":[{"href":"https:\/\/www.bogenfluesterer-ev.de\/index.php?rest_route=\/wp\/v2\/pages\/654","targetHints":{"allow":["GET"]}}],"collection":[{"href":"https:\/\/www.bogenfluesterer-ev.de\/index.php?rest_route=\/wp\/v2\/pages"}],"about":[{"href":"https:\/\/www.bogenfluesterer-ev.de\/index.php?rest_route=\/wp\/v2\/types\/page"}],"author":[{"embeddable":true,"href":"https:\/\/www.bogenfluesterer-ev.de\/index.php?rest_route=\/wp\/v2\/users\/3"}],"replies":[{"embeddable":true,"href":"https:\/\/www.bogenfluesterer-ev.de\/index.php?rest_route=%2Fwp%2Fv2%2Fcomments&post=654"}],"version-history":[{"count":42,"href":"https:\/\/www.bogenfluesterer-ev.de\/index.php?rest_route=\/wp\/v2\/pages\/654\/revisions"}],"predecessor-version":[{"id":985,"href":"https:\/\/www.bogenfluesterer-ev.de\/index.php?rest_route=\/wp\/v2\/pages\/654\/revisions\/985"}],"wp:attachment":[{"href":"https:\/\/www.bogenfluesterer-ev.de\/index.php?rest_route=%2Fwp%2Fv2%2Fmedia&parent=654"}],"curies":[{"name":"wp","href":"https:\/\/api.w.org\/{rel}","templated":true}]}}