{"id":469,"date":"2021-10-17T17:19:16","date_gmt":"2021-10-17T16:19:16","guid":{"rendered":"https:\/\/www.bogenfluesterer-ev.de\/?page_id=469"},"modified":"2024-06-06T19:51:21","modified_gmt":"2024-06-06T18:51:21","slug":"der-vorstand","status":"publish","type":"page","link":"https:\/\/www.bogenfluesterer-ev.de\/?page_id=469","title":{"rendered":"Der Vorstand"},"content":{"rendered":"\n<p><\/p>\n\n\n\n<div class=\"wp-block-media-text alignwide is-stacked-on-mobile is-vertically-aligned-top\" style=\"grid-template-columns:25% auto\"><figure class=\"wp-block-media-text__media\"><img loading=\"lazy\" decoding=\"async\" width=\"512\" height=\"512\" src=\"https:\/\/www.bogenfluesterer-ev.de\/wp-content\/uploads\/2021\/10\/icon_female_1.png\" alt=\"\" class=\"wp-image-490 size-full\" srcset=\"https:\/\/www.bogenfluesterer-ev.de\/wp-content\/uploads\/2021\/10\/icon_female_1.png 512w, https:\/\/www.bogenfluesterer-ev.de\/wp-content\/uploads\/2021\/10\/icon_female_1-300x300.png 300w, https:\/\/www.bogenfluesterer-ev.de\/wp-content\/uploads\/2021\/10\/icon_female_1-150x150.png 150w, https:\/\/www.bogenfluesterer-ev.de\/wp-content\/uploads\/2021\/10\/icon_female_1-100x100.png 100w\" sizes=\"auto, (max-width: 512px) 100vw, 512px\" \/><\/figure><div class=\"wp-block-media-text__content\">\n<h2 class=\"wp-block-heading\">1. Vorsitzende<\/h2>\n\n\n\n<p class=\"has-large-font-size\">Rebecca Nikelis<\/p>\n\n\n\n<p>zudem zust\u00e4ndig f\u00fcr Presse<\/p>\n\n\n\n<p>E-Mail: <a href=\"mailto:vorstand@bogenfluesterer-ev.de\">vorstand@bogenfluesterer-ev.de<\/a><\/p>\n<\/div><\/div>\n\n\n\n<div style=\"height:50px\" aria-hidden=\"true\" class=\"wp-block-spacer\"><\/div>\n\n\n\n<div class=\"wp-block-media-text alignwide is-stacked-on-mobile is-vertically-aligned-top\" style=\"grid-template-columns:25% auto\"><figure class=\"wp-block-media-text__media\"><img loading=\"lazy\" decoding=\"async\" width=\"512\" height=\"512\" src=\"https:\/\/www.bogenfluesterer-ev.de\/wp-content\/uploads\/2021\/10\/icon_male_1.png\" alt=\"\" class=\"wp-image-493 size-full\" srcset=\"https:\/\/www.bogenfluesterer-ev.de\/wp-content\/uploads\/2021\/10\/icon_male_1.png 512w, https:\/\/www.bogenfluesterer-ev.de\/wp-content\/uploads\/2021\/10\/icon_male_1-300x300.png 300w, https:\/\/www.bogenfluesterer-ev.de\/wp-content\/uploads\/2021\/10\/icon_male_1-150x150.png 150w, https:\/\/www.bogenfluesterer-ev.de\/wp-content\/uploads\/2021\/10\/icon_male_1-100x100.png 100w\" sizes=\"auto, (max-width: 512px) 100vw, 512px\" \/><\/figure><div class=\"wp-block-media-text__content\">\n<h2 class=\"wp-block-heading\">2. Vorsitzender<\/h2>\n\n\n\n<p class=\"has-large-font-size\">Thomas Seliger<\/p>\n\n\n\n<p>zudem zust\u00e4ndig f\u00fcr Webseite, stv. Presse<\/p>\n\n\n\n<p>E-Mail: <a href=\"mailto:vorstand@bogenfluesterer-ev.de\">vorstand@bogenfluesterer-ev.de<\/a><\/p>\n<\/div><\/div>\n\n\n\n<div style=\"height:50px\" aria-hidden=\"true\" class=\"wp-block-spacer\"><\/div>\n\n\n\n<div class=\"wp-block-media-text alignwide is-stacked-on-mobile is-vertically-aligned-top\" style=\"grid-template-columns:25% auto\"><figure class=\"wp-block-media-text__media\"><img loading=\"lazy\" decoding=\"async\" width=\"512\" height=\"512\" src=\"https:\/\/www.bogenfluesterer-ev.de\/wp-content\/uploads\/2021\/10\/icon_female_2.png\" alt=\"\" class=\"wp-image-491 size-full\" srcset=\"https:\/\/www.bogenfluesterer-ev.de\/wp-content\/uploads\/2021\/10\/icon_female_2.png 512w, https:\/\/www.bogenfluesterer-ev.de\/wp-content\/uploads\/2021\/10\/icon_female_2-300x300.png 300w, https:\/\/www.bogenfluesterer-ev.de\/wp-content\/uploads\/2021\/10\/icon_female_2-150x150.png 150w, https:\/\/www.bogenfluesterer-ev.de\/wp-content\/uploads\/2021\/10\/icon_female_2-100x100.png 100w\" sizes=\"auto, (max-width: 512px) 100vw, 512px\" \/><\/figure><div class=\"wp-block-media-text__content\">\n<h2 class=\"wp-block-heading\">Kassenwartin<\/h2>\n\n\n\n<p class=\"has-large-font-size\">Beatrice Hensel<\/p>\n\n\n\n<p>zudem zust\u00e4ndig stv. Webseite<\/p>\n\n\n\n<p>E-Mail: <a href=\"mailto:vorstand@bogenfluesterer-ev.de\">kassenwart@bogenfluesterer-ev.de<\/a><\/p>\n<\/div><\/div>\n\n\n\n<div style=\"height:50px\" aria-hidden=\"true\" class=\"wp-block-spacer\"><\/div>\n\n\n\n<div class=\"wp-block-media-text alignwide is-stacked-on-mobile is-vertically-aligned-top\" style=\"grid-template-columns:25% auto\"><figure class=\"wp-block-media-text__media\"><img loading=\"lazy\" decoding=\"async\" width=\"512\" height=\"512\" src=\"https:\/\/www.bogenfluesterer-ev.de\/wp-content\/uploads\/2021\/10\/icon_male_1.png\" alt=\"\" class=\"wp-image-493 size-full\" srcset=\"https:\/\/www.bogenfluesterer-ev.de\/wp-content\/uploads\/2021\/10\/icon_male_1.png 512w, https:\/\/www.bogenfluesterer-ev.de\/wp-content\/uploads\/2021\/10\/icon_male_1-300x300.png 300w, https:\/\/www.bogenfluesterer-ev.de\/wp-content\/uploads\/2021\/10\/icon_male_1-150x150.png 150w, https:\/\/www.bogenfluesterer-ev.de\/wp-content\/uploads\/2021\/10\/icon_male_1-100x100.png 100w\" sizes=\"auto, (max-width: 512px) 100vw, 512px\" \/><\/figure><div class=\"wp-block-media-text__content\">\n<h2 class=\"wp-block-heading\">Sportwart<\/h2>\n\n\n\n<p class=\"has-large-font-size\">Michael Topel<\/p>\n\n\n\n<p>zust\u00e4ndig f\u00fcr Sportger\u00e4te, Technik und die Turnierkoordination<\/p>\n\n\n\n<p>E-Mail: turniere@bogenfluesterer-ev.de<\/p>\n<\/div><\/div>\n\n\n\n<div style=\"height:50px\" aria-hidden=\"true\" class=\"wp-block-spacer\"><\/div>\n\n\n\n<div class=\"wp-block-media-text alignwide is-stacked-on-mobile is-vertically-aligned-top\" style=\"grid-template-columns:25% auto\"><figure class=\"wp-block-media-text__media\"><img loading=\"lazy\" decoding=\"async\" width=\"512\" height=\"512\" src=\"https:\/\/www.bogenfluesterer-ev.de\/wp-content\/uploads\/2021\/10\/icon_female_1.png\" alt=\"\" class=\"wp-image-490 size-full\" srcset=\"https:\/\/www.bogenfluesterer-ev.de\/wp-content\/uploads\/2021\/10\/icon_female_1.png 512w, https:\/\/www.bogenfluesterer-ev.de\/wp-content\/uploads\/2021\/10\/icon_female_1-300x300.png 300w, https:\/\/www.bogenfluesterer-ev.de\/wp-content\/uploads\/2021\/10\/icon_female_1-150x150.png 150w, https:\/\/www.bogenfluesterer-ev.de\/wp-content\/uploads\/2021\/10\/icon_female_1-100x100.png 100w\" sizes=\"auto, (max-width: 512px) 100vw, 512px\" \/><\/figure><div class=\"wp-block-media-text__content\">\n<h2 class=\"wp-block-heading\">Schriftf\u00fchrerin<\/h2>\n\n\n\n<p class=\"has-large-font-size\">Christiane Eilitz<\/p>\n\n\n\n<p>zudem zust\u00e4ndig f\u00fcr die Mitgliederverwaltung<\/p>\n\n\n\n<p>E-Mail: <a href=\"mailto:vorstand@bogenfluesterer-ev.de\">post@bogenfluesterer-ev.de<\/a><\/p>\n<\/div><\/div>\n\n\n\n<p><\/p>\n","protected":false},"excerpt":{"rendered":"<p>1. Vorsitzende Rebecca Nikelis zudem zust\u00e4ndig f\u00fcr Presse E-Mail: vorstand@bogenfluesterer-ev.de 2. Vorsitzender Thomas Seliger zudem zust\u00e4ndig f\u00fcr Webseite, stv. Presse E-Mail: vorstand@bogenfluesterer-ev.de Kassenwartin Beatrice Hensel zudem zust\u00e4ndig stv. Webseite E-Mail: kassenwart@bogenfluesterer-ev.de Sportwart Michael Topel zust\u00e4ndig f\u00fcr Sportger\u00e4te, Technik und die Turnierkoordination E-Mail: turniere@bogenfluesterer-ev.de Schriftf\u00fchrerin Christiane Eilitz zudem zust\u00e4ndig f\u00fcr die Mitgliederverwaltung E-Mail: post@bogenfluesterer-ev.de<\/p>\n","protected":false},"author":3,"featured_media":0,"parent":0,"menu_order":0,"comment_status":"closed","ping_status":"closed","template":"","meta":{"ngg_post_thumbnail":0,"footnotes":""},"class_list":["post-469","page","type-page","status-publish","hentry"],"_links":{"self":[{"href":"https:\/\/www.bogenfluesterer-ev.de\/index.php?rest_route=\/wp\/v2\/pages\/469","targetHints":{"allow":["GET"]}}],"collection":[{"href":"https:\/\/www.bogenfluesterer-ev.de\/index.php?rest_route=\/wp\/v2\/pages"}],"about":[{"href":"https:\/\/www.bogenfluesterer-ev.de\/index.php?rest_route=\/wp\/v2\/types\/page"}],"author":[{"embeddable":true,"href":"https:\/\/www.bogenfluesterer-ev.de\/index.php?rest_route=\/wp\/v2\/users\/3"}],"replies":[{"embeddable":true,"href":"https:\/\/www.bogenfluesterer-ev.de\/index.php?rest_route=%2Fwp%2Fv2%2Fcomments&post=469"}],"version-history":[{"count":20,"href":"https:\/\/www.bogenfluesterer-ev.de\/index.php?rest_route=\/wp\/v2\/pages\/469\/revisions"}],"predecessor-version":[{"id":1219,"href":"https:\/\/www.bogenfluesterer-ev.de\/index.php?rest_route=\/wp\/v2\/pages\/469\/revisions\/1219"}],"wp:attachment":[{"href":"https:\/\/www.bogenfluesterer-ev.de\/index.php?rest_route=%2Fwp%2Fv2%2Fmedia&parent=469"}],"curies":[{"name":"wp","href":"https:\/\/api.w.org\/{rel}","templated":true}]}}