{"id":209,"date":"2020-02-22T16:46:43","date_gmt":"2020-02-22T15:46:43","guid":{"rendered":"https:\/\/www.bogenfluesterer-ev.de\/?page_id=209"},"modified":"2024-02-11T16:18:43","modified_gmt":"2024-02-11T15:18:43","slug":"termine","status":"publish","type":"page","link":"https:\/\/www.bogenfluesterer-ev.de\/?page_id=209","title":{"rendered":"Termine"},"content":{"rendered":"<div class=\"simcal-calendar simcal-default-calendar simcal-default-calendar-list simcal-default-calendar-light\" data-calendar-id=\"1185\" data-timezone=\"Europe\/Paris\" data-offset=\"7200\" data-week-start=\"1\" data-calendar-start=\"1777759200\" data-calendar-end=\"1799276341\" data-events-first=\"1774821659\" data-events-last=\"1799276341\"><div class=\"simcal-calendar-list \"><nav class=\"simcal-calendar-head\">\n\t<div class=\"simcal-nav\">\n\t\t<button class=\"simcal-nav-button simcal-prev\" title=\"Zur\u00fcck\" aria-label=\"Zur\u00fcck\">\n\t\t\t<i class=\"simcal-icon-left\"><\/i>\n\t\t<\/button>\n\t<\/div>\n\t<div class=\"simcal-nav simcal-current \" data-calendar-current=\"1777759200\">\n\t\t<h3 class=\"simcal-current-label\"> <\/h3>\n\t<\/div>\n\t<div class=\"simcal-nav\">\t\t<button class=\"simcal-nav-button simcal-next\" title=\"Weiter\" aria-label=\"Weiter\">\t\t\t<i class=\"simcal-icon-right\"><\/i>\n\t\t<\/button>\n\t<\/div>\n<\/nav>\n<dl class=\"simcal-events-list-container\" data-prev=\"1777154400\" data-next=\"1778364000\" data-heading-small=\"Mai 2026\" data-heading-large=\"Mai 2026\">\t<dt class=\"simcal-day-label\" style=\"border-bottom: 1px solid #4687bf;\" ><span style=\"background-color: #4687bf; color: #ffffff;\"><span class=\"simcal-date-format\" data-date-format=\"l, j. F Y\">Sonntag, 3. Mai 2026<\/span> <\/span><\/dt>\n<dd class=\"simcal-weekday-0 simcal-past simcal-day simcal-day-has-events simcal-day-has-1-events simcal-events-calendar-1185\" data-events-count=\"1\">\n\t<ul class=\"simcal-events\">\n\t<li class=\"simcal-event simcal-event-recurring simcal-event-has-location simcal-events-calendar-1185\" style=\"\" itemscope itemtype=\"http:\/\/schema.org\/Event\" data-start=\"1777806000\">\n\t\t<div class=\"simcal-event-details\"><h4><strong><span class=\"simcal-event-title\" itemprop=\"name\">freies Schie\u00dfen -- Erwachsene<\/span><\/strong><\/h4>\n<p><strong><span class=\"simcal-event-start simcal-event-start-date\" data-event-start=\"1777806000\" data-event-format=\"l, j. F Y\" itemprop=\"startDate\" content=\"2026-05-03T13:00:00+02:00\">Sonntag, 3. Mai 2026<\/span>&nbsp;&nbsp;&nbsp;&nbsp;von&nbsp;&nbsp;&nbsp;&nbsp;<span class=\"simcal-event-start simcal-event-start-time\" data-event-start=\"1777806000\" data-event-format=\"H.i\" itemprop=\"startDate\" content=\"2026-05-03T13:00:00+02:00\">13.00<\/span> - <span class=\"simcal-event-end simcal-event-end-time\" data-event-end=\"1777813200\" data-event-format=\"H.i\" itemprop=\"endDate\" content=\"2026-05-03T15:00:00+02:00\">15.00<\/span> Uhr<\/strong><\/p>\n<p style=\"text-align: left\">Ort:  <span class=\"simcal-event-address simcal-event-start-location\" itemprop=\"location\" itemscope itemtype=\"http:\/\/schema.org\/Place\"><meta itemprop=\"name\" content=\"Au\u00dfengel\u00e4nde Sch\u00fctzenstra\u00dfe\" \/><meta itemprop=\"address\" content=\"Au\u00dfengel\u00e4nde Sch\u00fctzenstra\u00dfe\" \/>Au\u00dfengel\u00e4nde Sch\u00fctzenstra\u00dfe<\/span><\/p>\n<p style=\"text-align: left\"><div class=\"simcal-event-description\" itemprop=\"description\"><p>Schie\u00dfaufsicht: Bea<\/p>\n<\/div><\/p>\n<p> <a href=\"https:\/\/www.google.com\/calendar\/event?eid=cGZuYWs4cGx0OWZjOTB2ZTU0MWc4YTJraGNfMjAyNjA1MDNUMTEwMDAwWiB0ZXJtaW5lQGJvZ2VuZmx1ZXN0ZXJlci1ldi5kZQ&#038;ctz=Europe\/Paris\" target=\"_blank\" >Weitere Details anzeigen<\/a><\/p><\/div>\n\t<\/li>\n<\/ul>\n\n<\/dd>\n\t<dt class=\"simcal-day-label\" style=\"border-bottom: 1px solid #0a0a0a;\" ><span style=\"background-color: #0a0a0a; color: #ffffff;\"><span class=\"simcal-date-format\" data-date-format=\"l, j. F Y\">Montag, 4. Mai 2026<\/span> <\/span><\/dt>\n<dd class=\"simcal-weekday-1 simcal-past simcal-day simcal-day-has-events simcal-day-has-1-events simcal-events-calendar-1185 simcal-day-has-events simcal-day-has-2-events simcal-events-calendar-1185 simcal-day-has-events simcal-day-has-3-events simcal-events-calendar-1185\" data-events-count=\"3\">\n\t<ul class=\"simcal-events\">\n\t<li class=\"simcal-event simcal-event-recurring simcal-event-has-location simcal-events-calendar-1185\" style=\"\" itemscope itemtype=\"http:\/\/schema.org\/Event\" data-start=\"1777906800\">\n\t\t<div class=\"simcal-event-details\"><h4><strong><span class=\"simcal-event-title\" itemprop=\"name\">Training -- Kinder und Jugend<\/span><\/strong><\/h4>\n<p><strong><span class=\"simcal-event-start simcal-event-start-date\" data-event-start=\"1777906800\" data-event-format=\"l, j. F Y\" itemprop=\"startDate\" content=\"2026-05-04T17:00:00+02:00\">Montag, 4. Mai 2026<\/span>&nbsp;&nbsp;&nbsp;&nbsp;von&nbsp;&nbsp;&nbsp;&nbsp;<span class=\"simcal-event-start simcal-event-start-time\" data-event-start=\"1777906800\" data-event-format=\"H.i\" itemprop=\"startDate\" content=\"2026-05-04T17:00:00+02:00\">17.00<\/span> - <span class=\"simcal-event-end simcal-event-end-time\" data-event-end=\"1777912200\" data-event-format=\"H.i\" itemprop=\"endDate\" content=\"2026-05-04T18:30:00+02:00\">18.30<\/span> Uhr<\/strong><\/p>\n<p style=\"text-align: left\">Ort:  <span class=\"simcal-event-address simcal-event-start-location\" itemprop=\"location\" itemscope itemtype=\"http:\/\/schema.org\/Place\"><meta itemprop=\"name\" content=\"Au\u00dfengel\u00e4nde Sch\u00fctzenstra\u00dfe\" \/><meta itemprop=\"address\" content=\"Au\u00dfengel\u00e4nde Sch\u00fctzenstra\u00dfe\" \/>Au\u00dfengel\u00e4nde Sch\u00fctzenstra\u00dfe<\/span><\/p>\n<p style=\"text-align: left\"><div class=\"simcal-event-description\" itemprop=\"description\"><p>Schie\u00dfaufsicht: Rebecca<\/p>\n<\/div><\/p>\n<p> <a href=\"https:\/\/www.google.com\/calendar\/event?eid=cXZ2OHM5N2s4cDRuMWhxcnM2ajNubHA2ZHVfMjAyNjA1MDRUMTUwMDAwWiB0ZXJtaW5lQGJvZ2VuZmx1ZXN0ZXJlci1ldi5kZQ&#038;ctz=Europe\/Paris\" target=\"_blank\" >Weitere Details anzeigen<\/a><\/p><\/div>\n\t<\/li>\n\t<li class=\"simcal-event simcal-event-recurring simcal-event-has-location simcal-events-calendar-1185\" style=\"\" itemscope itemtype=\"http:\/\/schema.org\/Event\" data-start=\"1777912200\">\n\t\t<div class=\"simcal-event-details\"><h4><strong><span class=\"simcal-event-title\" itemprop=\"name\">Training -- Erwachsene<\/span><\/strong><\/h4>\n<p><strong><span class=\"simcal-event-start simcal-event-start-date\" data-event-start=\"1777912200\" data-event-format=\"l, j. F Y\" itemprop=\"startDate\" content=\"2026-05-04T18:30:00+02:00\">Montag, 4. Mai 2026<\/span>&nbsp;&nbsp;&nbsp;&nbsp;von&nbsp;&nbsp;&nbsp;&nbsp;<span class=\"simcal-event-start simcal-event-start-time\" data-event-start=\"1777912200\" data-event-format=\"H.i\" itemprop=\"startDate\" content=\"2026-05-04T18:30:00+02:00\">18.30<\/span> - <span class=\"simcal-event-end simcal-event-end-time\" data-event-end=\"1777917600\" data-event-format=\"H.i\" itemprop=\"endDate\" content=\"2026-05-04T20:00:00+02:00\">20.00<\/span> Uhr<\/strong><\/p>\n<p style=\"text-align: left\">Ort:  <span class=\"simcal-event-address simcal-event-start-location\" itemprop=\"location\" itemscope itemtype=\"http:\/\/schema.org\/Place\"><meta itemprop=\"name\" content=\"Au\u00dfengel\u00e4nde Sch\u00fctzenstra\u00dfe\" \/><meta itemprop=\"address\" content=\"Au\u00dfengel\u00e4nde Sch\u00fctzenstra\u00dfe\" \/>Au\u00dfengel\u00e4nde Sch\u00fctzenstra\u00dfe<\/span><\/p>\n<p style=\"text-align: left\"><div class=\"simcal-event-description\" itemprop=\"description\"><p>Schie\u00dfaufsicht: Rebecca<\/p>\n<\/div><\/p>\n<p> <a href=\"https:\/\/www.google.com\/calendar\/event?eid=Nmk3Nm5pOGswNWpzN3JzZDByYW1ub2wyN3VfMjAyNjA1MDRUMTYzMDAwWiB0ZXJtaW5lQGJvZ2VuZmx1ZXN0ZXJlci1ldi5kZQ&#038;ctz=Europe\/Paris\" target=\"_blank\" >Weitere Details anzeigen<\/a><\/p><\/div>\n\t<\/li>\n\t<li class=\"simcal-event simcal-event-recurring simcal-event-has-location simcal-events-calendar-1185\" style=\"\" itemscope itemtype=\"http:\/\/schema.org\/Event\" data-start=\"1777914000\">\n\t\t<div class=\"simcal-event-details\"><h4><strong><span class=\"simcal-event-title\" itemprop=\"name\">Training -- Erwachsene<\/span><\/strong><\/h4>\n<p><strong><span class=\"simcal-event-start simcal-event-start-date\" data-event-start=\"1777914000\" data-event-format=\"l, j. F Y\" itemprop=\"startDate\" content=\"2026-05-04T19:00:00+02:00\">Montag, 4. Mai 2026<\/span>&nbsp;&nbsp;&nbsp;&nbsp;von&nbsp;&nbsp;&nbsp;&nbsp;<span class=\"simcal-event-start simcal-event-start-time\" data-event-start=\"1777914000\" data-event-format=\"H.i\" itemprop=\"startDate\" content=\"2026-05-04T19:00:00+02:00\">19.00<\/span> - <span class=\"simcal-event-end simcal-event-end-time\" data-event-end=\"1777919400\" data-event-format=\"H.i\" itemprop=\"endDate\" content=\"2026-05-04T20:30:00+02:00\">20.30<\/span> Uhr<\/strong><\/p>\n<p style=\"text-align: left\">Ort:  <span class=\"simcal-event-address simcal-event-start-location\" itemprop=\"location\" itemscope itemtype=\"http:\/\/schema.org\/Place\"><meta itemprop=\"name\" content=\"Au\u00dfengel\u00e4nde Sch\u00fctzenstra\u00dfe\" \/><meta itemprop=\"address\" content=\"Au\u00dfengel\u00e4nde Sch\u00fctzenstra\u00dfe\" \/>Au\u00dfengel\u00e4nde Sch\u00fctzenstra\u00dfe<\/span><\/p>\n<p style=\"text-align: left\"><div class=\"simcal-event-description\" itemprop=\"description\"><p>Schie\u00dfaufsicht: Rebecca<\/p>\n<\/div><\/p>\n<p> <a href=\"https:\/\/www.google.com\/calendar\/event?eid=anQxN28xaGdnN3NzZWFpaGZmZjloMGszZzRfMjAyNjA1MDRUMTcwMDAwWiB0ZXJtaW5lQGJvZ2VuZmx1ZXN0ZXJlci1ldi5kZQ&#038;ctz=Europe\/Paris\" target=\"_blank\" >Weitere Details anzeigen<\/a><\/p><\/div>\n\t<\/li>\n<\/ul>\n\n<\/dd>\n\t<dt class=\"simcal-day-label\" style=\"border-bottom: 1px solid #0a0a0a;\" ><span style=\"background-color: #0a0a0a; color: #ffffff;\"><span class=\"simcal-date-format\" data-date-format=\"l, j. F Y\">Donnerstag, 7. Mai 2026<\/span> <\/span><\/dt>\n<dd class=\"simcal-weekday-4 simcal-past simcal-day simcal-day-has-events simcal-day-has-1-events simcal-events-calendar-1185\" data-events-count=\"1\">\n\t<ul class=\"simcal-events\">\n\t<li class=\"simcal-event simcal-event-has-location simcal-events-calendar-1185\" style=\"\" itemscope itemtype=\"http:\/\/schema.org\/Event\" data-start=\"1778175000\">\n\t\t<div class=\"simcal-event-details\"><h4><strong><span class=\"simcal-event-title\" itemprop=\"name\">Jahreshauptversammlung<\/span><\/strong><\/h4>\n<p><strong><span class=\"simcal-event-start simcal-event-start-date\" data-event-start=\"1778175000\" data-event-format=\"l, j. F Y\" itemprop=\"startDate\" content=\"2026-05-07T19:30:00+02:00\">Donnerstag, 7. Mai 2026<\/span>&nbsp;&nbsp;&nbsp;&nbsp;von&nbsp;&nbsp;&nbsp;&nbsp;<span class=\"simcal-event-start simcal-event-start-time\" data-event-start=\"1778175000\" data-event-format=\"H.i\" itemprop=\"startDate\" content=\"2026-05-07T19:30:00+02:00\">19.30<\/span> - <span class=\"simcal-event-end simcal-event-end-time\" data-event-end=\"1778182200\" data-event-format=\"H.i\" itemprop=\"endDate\" content=\"2026-05-07T21:30:00+02:00\">21.30<\/span> Uhr<\/strong><\/p>\n<p style=\"text-align: left\">Ort:  <span class=\"simcal-event-address simcal-event-start-location\" itemprop=\"location\" itemscope itemtype=\"http:\/\/schema.org\/Place\"><meta itemprop=\"name\" content=\"Turnhalle Im Lochgarten\" \/><meta itemprop=\"address\" content=\"Turnhalle Im Lochgarten\" \/>Turnhalle Im Lochgarten<\/span><\/p>\n<p style=\"text-align: left\"><\/p>\n<p> <a href=\"https:\/\/www.google.com\/calendar\/event?eid=c2c2OXA0YmRvOGY3NmI3cnFvZml2amc4aTggdGVybWluZUBib2dlbmZsdWVzdGVyZXItZXYuZGU&#038;ctz=Europe\/Paris\" target=\"_blank\" >Weitere Details anzeigen<\/a><\/p><\/div>\n\t<\/li>\n<\/ul>\n\n<\/dd>\n<\/dl><div class=\"simcal-ajax-loader simcal-spinner-top\" style=\"display: none;\"><i class=\"simcal-icon-spinner simcal-icon-spin\"><\/i><\/div><\/div><\/div>\n\n\n\n<p><\/p>\n\n\n\n<p>Alle Termine finden sich grunds\u00e4tzlich im <a href=\"https:\/\/www.bogenfluesterer-ev.de\/?page_id=143\">Vereinskalender<\/a>. <\/p>\n\n\n\n<p>Bitte beachtet, dass es neben regul\u00e4ren Terminen auch <a href=\"https:\/\/www.bogenfluesterer-ev.de\/?page_id=886\" data-type=\"page\" data-id=\"886\">Sondertermine<\/a>, beispielsweise zum Stufenschie\u00dfen oder Sondertrainings gibt. Informationen zu Turnierterminen werden hier k\u00fcnftig aufgef\u00fchrt.  <\/p>\n\n\n\n<p><\/p>\n","protected":false},"excerpt":{"rendered":"<p>Alle Termine finden sich grunds\u00e4tzlich im Vereinskalender. Bitte beachtet, dass es neben regul\u00e4ren Terminen auch Sondertermine, beispielsweise zum Stufenschie\u00dfen oder Sondertrainings gibt. Informationen zu Turnierterminen werden hier k\u00fcnftig aufgef\u00fchrt.<\/p>\n","protected":false},"author":1,"featured_media":0,"parent":0,"menu_order":0,"comment_status":"closed","ping_status":"closed","template":"","meta":{"ngg_post_thumbnail":0,"footnotes":""},"class_list":["post-209","page","type-page","status-publish","hentry"],"_links":{"self":[{"href":"https:\/\/www.bogenfluesterer-ev.de\/index.php?rest_route=\/wp\/v2\/pages\/209","targetHints":{"allow":["GET"]}}],"collection":[{"href":"https:\/\/www.bogenfluesterer-ev.de\/index.php?rest_route=\/wp\/v2\/pages"}],"about":[{"href":"https:\/\/www.bogenfluesterer-ev.de\/index.php?rest_route=\/wp\/v2\/types\/page"}],"author":[{"embeddable":true,"href":"https:\/\/www.bogenfluesterer-ev.de\/index.php?rest_route=\/wp\/v2\/users\/1"}],"replies":[{"embeddable":true,"href":"https:\/\/www.bogenfluesterer-ev.de\/index.php?rest_route=%2Fwp%2Fv2%2Fcomments&post=209"}],"version-history":[{"count":5,"href":"https:\/\/www.bogenfluesterer-ev.de\/index.php?rest_route=\/wp\/v2\/pages\/209\/revisions"}],"predecessor-version":[{"id":1189,"href":"https:\/\/www.bogenfluesterer-ev.de\/index.php?rest_route=\/wp\/v2\/pages\/209\/revisions\/1189"}],"wp:attachment":[{"href":"https:\/\/www.bogenfluesterer-ev.de\/index.php?rest_route=%2Fwp%2Fv2%2Fmedia&parent=209"}],"curies":[{"name":"wp","href":"https:\/\/api.w.org\/{rel}","templated":true}]}}