{"id":187,"date":"2020-02-22T15:47:43","date_gmt":"2020-02-22T14:47:43","guid":{"rendered":"https:\/\/www.bogenfluesterer-ev.de\/?page_id=187"},"modified":"2023-05-09T15:44:11","modified_gmt":"2023-05-09T14:44:11","slug":"datenschutzerklaerung","status":"publish","type":"page","link":"https:\/\/www.bogenfluesterer-ev.de\/?page_id=187","title":{"rendered":"Datenschutzerkl\u00e4rung"},"content":{"rendered":"\n<h2 class=\"wp-block-heading\">Allgemeiner Hinweis und Pflichtinformationen<\/h2>\n\n\n\n<p>Diese Datenschutzerkl\u00e4rung kl\u00e4rt Sie \u00fcber die Art, den Umfang und Zweck der Verarbeitung von personenbezogenen Daten innerhalb unseres Onlineangebotes und der mit ihm verbundenen Webseiten, Funktionen und Inhalte sowie externen Onlinepr\u00e4senzen, wie z.B. unser Social Media Profile auf . Im Hinblick auf die verwendeten Begrifflichkeiten, wie z.B. \u201eVerarbeitung\u201c oder \u201eVerantwortlicher\u201c verweisen wir auf die Definitionen im Art. 4 der Datenschutzgrundverordnung (DSGVO).<\/p>\n\n\n\n<h2 class=\"wp-block-heading\">Benennung der verantwortlichen Stelle<\/h2>\n\n\n\n<p>Die verantwortliche Stelle f\u00fcr die Datenverarbeitung auf dieser Website ist:<\/p>\n\n\n\n<p>Bogenfl\u00fcsterer e.V.<br>Kitschburger Stra\u00dfe 13<br>51147 K\u00f6ln<br><br>Vertretungsberechtigte Person: Rebecca Nikelis (1. Vorsitzende)<\/p>\n\n\n\n<p>Telefon: +49 (0) 2203 &#8211; 5746292<br>E-Mail-Adresse: info@bogenfluesterer-ev.de<\/p>\n\n\n\n<p>Die verantwortliche Stelle entscheidet allein oder gemeinsam mit  anderen \u00fcber die Zwecke und Mittel der Verarbeitung von  personenbezogenen Daten (z.B. Namen, Kontaktdaten o. \u00c4.).<\/p>\n\n\n\n<h2 class=\"wp-block-heading\">Widerruf Ihrer Einwilligung zur Datenverarbeitung<\/h2>\n\n\n\n<p>Nur mit Ihrer ausdr\u00fccklichen Einwilligung sind einige Vorg\u00e4nge der \nDatenverarbeitung m\u00f6glich. Ein Widerruf Ihrer bereits erteilten \nEinwilligung ist jederzeit m\u00f6glich. F\u00fcr den Widerruf gen\u00fcgt eine \nformlose Mitteilung per E-Mail. Die Rechtm\u00e4\u00dfigkeit der bis zum Widerruf \nerfolgten Datenverarbeitung bleibt vom Widerruf unber\u00fchrt.<\/p>\n\n\n\n<h2 class=\"wp-block-heading\">Recht auf Beschwerde bei der zust\u00e4ndigen Aufsichtsbeh\u00f6rde<\/h2>\n\n\n\n<p>Als Betroffener steht Ihnen im Falle eines datenschutzrechtlichen  Versto\u00dfes ein Beschwerderecht bei der zust\u00e4ndigen Aufsichtsbeh\u00f6rde zu.  Zust\u00e4ndige Aufsichtsbeh\u00f6rde bez\u00fcglich datenschutzrechtlicher Fragen ist  der Landesdatenschutzbeauftragte des Bundeslandes, in dem sich der Sitz unseres Vereins befindet. Der folgende Link stellt eine Liste der  Datenschutzbeauftragten sowie deren Kontaktdaten bereit: <a href=\"https:\/\/www.bfdi.bund.de\/DE\/Infothek\/Anschriften_Links\/anschriften_links-node.html\" target=\"_blank\" rel=\"noreferrer noopener\">https:\/\/www.bfdi.bund.de\/DE\/Infothek\/Anschriften_Links\/anschriften_links-node.html<\/a>.<\/p>\n\n\n\n<h2 class=\"wp-block-heading\">Recht auf Daten\u00fcbertragbarkeit<\/h2>\n\n\n\n<p>Ihnen steht das Recht zu, Daten, die wir auf Grundlage Ihrer \nEinwilligung oder in Erf\u00fcllung eines Vertrags automatisiert verarbeiten,\n an sich oder an Dritte aush\u00e4ndigen zu lassen. Die Bereitstellung \nerfolgt in einem maschinenlesbaren Format. Sofern Sie die direkte \n\u00dcbertragung der Daten an einen anderen Verantwortlichen verlangen, \nerfolgt dies nur, soweit es technisch machbar ist.<\/p>\n\n\n\n<h2 class=\"wp-block-heading\">Recht auf Auskunft, Berichtigung, Sperrung, L\u00f6schung<\/h2>\n\n\n\n<p>Sie haben jederzeit im Rahmen der geltenden gesetzlichen Bestimmungen\n das Recht auf unentgeltliche Auskunft \u00fcber Ihre gespeicherten \npersonenbezogenen Daten, Herkunft der Daten, deren Empf\u00e4nger und den \nZweck der Datenverarbeitung und ggf. ein Recht auf Berichtigung, \nSperrung oder L\u00f6schung dieser Daten. Diesbez\u00fcglich und auch zu weiteren \nFragen zum Thema personenbezogene Daten k\u00f6nnen Sie sich jederzeit \u00fcber \ndie im Impressum aufgef\u00fchrten Kontaktm\u00f6glichkeiten an uns wenden.<\/p>\n\n\n\n<h2 class=\"wp-block-heading\">SSL- bzw. TLS-Verschl\u00fcsselung<\/h2>\n\n\n\n<p>Aus Sicherheitsgr\u00fcnden und zum Schutz der \u00dcbertragung vertraulicher \nInhalte, die Sie an uns als Seitenbetreiber senden, nutzt unsere Website\n eine SSL-bzw. TLS-Verschl\u00fcsselung. Damit sind Daten, die Sie \u00fcber diese\n Website \u00fcbermitteln, f\u00fcr Dritte nicht mitlesbar. Sie erkennen eine \nverschl\u00fcsselte Verbindung an der \u201ehttps:\/\/\u201c Adresszeile Ihres Browsers \nund am Schloss-Symbol in der Browserzeile.<\/p>\n\n\n\n<h2 class=\"wp-block-heading\">Server-Log-Dateien<\/h2>\n\n\n\n<p>In Server-Log-Dateien erhebt und speichert der Provider der Website \nautomatisch Informationen, die Ihr Browser automatisch an uns \n\u00fcbermittelt. Dies sind:<\/p>\n\n\n\n<ul class=\"wp-block-list\">\n<li>Besuchte Seite auf unserer Domain<\/li>\n\n\n\n<li>Datum und Uhrzeit der Serveranfrage<\/li>\n\n\n\n<li>Browsertyp und Browserversion<\/li>\n\n\n\n<li>Verwendetes Betriebssystem<\/li>\n\n\n\n<li>Referrer URL<\/li>\n\n\n\n<li>Hostname des zugreifenden Rechners<\/li>\n\n\n\n<li>IP-Adresse<\/li>\n<\/ul>\n\n\n\n<p>Es findet keine Zusammenf\u00fchrung dieser Daten mit anderen Datenquellen\n statt. Grundlage der Datenverarbeitung bildet Art. 6 Abs. 1 lit. b \nDSGVO, der die Verarbeitung von Daten zur Erf\u00fcllung eines Vertrags oder \nvorvertraglicher Ma\u00dfnahmen gestattet.<\/p>\n\n\n\n<h2 class=\"wp-block-heading\">Kontaktformular<\/h2>\n\n\n\n<p>Per Kontaktformular \u00fcbermittelte Daten werden einschlie\u00dflich Ihrer \nKontaktdaten gespeichert, um Ihre Anfrage bearbeiten zu k\u00f6nnen oder um \nf\u00fcr Anschlussfragen bereitzustehen. Eine Weitergabe dieser Daten findet \nohne Ihre Einwilligung nicht statt.<\/p>\n\n\n\n<p>Die Verarbeitung der in das Kontaktformular eingegebenen Daten \nerfolgt ausschlie\u00dflich auf Grundlage Ihrer Einwilligung (Art. 6 Abs. 1 \nlit. a DSGVO). Ein Widerruf Ihrer bereits erteilten Einwilligung ist \njederzeit m\u00f6glich. F\u00fcr den Widerruf gen\u00fcgt eine formlose Mitteilung per \nE-Mail. Die Rechtm\u00e4\u00dfigkeit der bis zum Widerruf erfolgten \nDatenverarbeitungsvorg\u00e4nge bleibt vom Widerruf unber\u00fchrt.<\/p>\n\n\n\n<p>\u00dcber das Kontaktformular \u00fcbermittelte Daten verbleiben bei uns, bis \nSie uns zur L\u00f6schung auffordern, Ihre Einwilligung zur Speicherung \nwiderrufen oder keine Notwendigkeit der Datenspeicherung mehr besteht. \nZwingende gesetzliche Bestimmungen &#8211; insbesondere Aufbewahrungsfristen &#8211;\n bleiben unber\u00fchrt.<\/p>\n\n\n\n<h2 class=\"wp-block-heading\">Speicherdauer von Beitr\u00e4gen und Kommentaren<\/h2>\n\n\n\n<p>Beitr\u00e4ge und Kommentare sowie damit in Verbindung stehende Daten, wie\n beispielsweise IP-Adressen, werden gespeichert. Der Inhalt verbleibt \nauf unserer Website, bis er vollst\u00e4ndig gel\u00f6scht wurde oder aus \nrechtlichen Gr\u00fcnden gel\u00f6scht werden musste.<\/p>\n\n\n\n<p>Die Speicherung der Beitr\u00e4ge und Kommentare erfolgt auf Grundlage \nIhrer Einwilligung (Art. 6 Abs. 1 lit. a DSGVO). Ein Widerruf Ihrer \nbereits erteilten Einwilligung ist jederzeit m\u00f6glich. F\u00fcr den Widerruf \ngen\u00fcgt eine formlose Mitteilung per E-Mail. Die\n\tRechtm\u00e4\u00dfigkeit bereits erfolgter Datenverarbeitungsvorg\u00e4nge bleibt vom \nWiderruf unber\u00fchrt.<\/p>\n\n\n\n<h2 class=\"wp-block-heading\">Abonnieren von Kommentaren<\/h2>\n\n\n\n<p>Sie k\u00f6nnen als Nutzer unserer Website nach erfolgter Anmeldung \nKommentare abonnieren. Mit einer Best\u00e4tigungs-E-Mail pr\u00fcfen wir, ob Sie \nder Inhaber der angegebenen E-Mail-Adresse sind. Sie k\u00f6nnen die \nAbo-Funktion f\u00fcr Kommentare jederzeit \u00fcber einen Link,\n\tder sich in einer Abo-Mail befindet, abbestellen. Zur Einrichtung des \nAbonnements eingegebene Daten werden im Falle der Abmeldung gel\u00f6scht. \nSollten diese Daten f\u00fcr andere Zwecke und an anderer Stelle an uns \n\u00fcbermittelt worden sein, verbleiben diese\n\tweiterhin bei uns.<\/p>\n\n\n\n<h2 class=\"wp-block-heading\">Newsletter-Daten<\/h2>\n\n\n\n<p>Zum Versenden unseres Newsletters ben\u00f6tigen wir von Ihnen eine \nE-Mail-Adresse. Eine Verifizierung der angegebenen E-Mail-Adresse ist \nnotwendig und der Empfang des Newsletters ist einzuwilligen. Erg\u00e4nzende \nDaten werden nicht erhoben oder sind freiwillig.\n\tDie Verwendung der Daten erfolgt ausschlie\u00dflich f\u00fcr den Versand des \nNewsletters.<\/p>\n\n\n\n<p>Die bei der Newsletteranmeldung gemachten Daten werden ausschlie\u00dflich\n auf Grundlage Ihrer Einwilligung (Art. 6 Abs. 1 lit. a DSGVO) \nverarbeitet. Ein Widerruf Ihrer bereits erteilten Einwilligung ist \njederzeit m\u00f6glich. F\u00fcr den Widerruf gen\u00fcgt eine formlose\n\tMitteilung per E-Mail oder Sie melden sich \u00fcber den &#8222;Austragen&#8220;-Link im\n Newsletter ab. Die Rechtm\u00e4\u00dfigkeit der bereits erfolgten \nDatenverarbeitungsvorg\u00e4nge bleibt vom Widerruf unber\u00fchrt.<\/p>\n\n\n\n<p>Zur Einrichtung des Abonnements eingegebene Daten werden im Falle der\n Abmeldung gel\u00f6scht. Sollten diese Daten f\u00fcr andere Zwecke und an \nanderer Stelle an uns \u00fcbermittelt worden sein, verbleiben diese \nweiterhin bei uns.<\/p>\n\n\n\n<h2 class=\"wp-block-heading\">YouTube<\/h2>\n\n\n\n<p>F\u00fcr Integration und Darstellung von Videoinhalten nutzt unsere \nWebsite Plugins von YouTube. Anbieter des Videoportals ist die YouTube, \nLLC, 901 Cherry Ave., San Bruno, CA 94066, USA.<\/p>\n\n\n\n<p>Bei Aufruf einer Seite mit integriertem YouTube-Plugin wird eine \nVerbindung zu den Servern von YouTube hergestellt. YouTube erf\u00e4hrt \nhierdurch, welche unserer Seiten Sie aufgerufen haben.<\/p>\n\n\n\n<p>YouTube kann Ihr Surfverhalten direkt Ihrem pers\u00f6nlichen Profil \nzuzuordnen, sollten Sie in Ihrem YouTube Konto eingeloggt sein. Durch \nvorheriges Ausloggen haben Sie die M\u00f6glichkeit, dies zu unterbinden.<\/p>\n\n\n\n<p>Die Nutzung von YouTube erfolgt im Interesse einer ansprechenden \nDarstellung unserer Online-Angebote. Dies stellt ein berechtigtes \nInteresse im Sinne von Art. 6 Abs. 1 lit. f DSGVO dar.<\/p>\n\n\n\n<p>Einzelheiten zum Umgang mit Nutzerdaten finden Sie in der Datenschutzerkl\u00e4rung von YouTube unter: <a href=\"https:\/\/www.google.de\/intl\/de\/policies\/privacy\">https:\/\/www.google.de\/intl\/de\/policies\/privacy<\/a>.<\/p>\n\n\n\n<h2 class=\"wp-block-heading\">Vimeo<\/h2>\n\n\n\n<p>F\u00fcr Integration und Darstellung von Videoinhalten nutzt unsere \nWebsite Plugins von Vimeo. Anbieter des Videoportals ist die Vimeo Inc.,\n 555 West 18th Street, New York, New York 10011, USA.<\/p>\n\n\n\n<p>Bei Aufruf einer Seite mit integriertem Vimeo-Plugin wird eine \nVerbindung zu den Servern von Vimeo hergestellt. Vimeo erf\u00e4hrt \nhierdurch, welche unserer Seiten Sie aufgerufen haben. Vimeo erf\u00e4hrt \nIhre IP-Adresse, selbst wenn Sie nicht beim Videoportal\n\teingeloggt sind oder dort kein Konto besitzen. Es erfolgt eine \n\u00dcbermittlung der von Vimeo erfassten Informationen an Server des \nVideoportals in den USA.<\/p>\n\n\n\n<p>Vimeo kann Ihr Surfverhalten direkt Ihrem pers\u00f6nlichen Profil \nzuordnen. Durch vorheriges Ausloggen haben Sie die M\u00f6glichkeit, dies zu \nunterbinden.<\/p>\n\n\n\n<p>Einzelheiten zum Umgang mit Nutzerdaten finden Sie in der Datenschutzerkl\u00e4rung von Vimeo unter: <a href=\"https:\/\/vimeo.com\/privacy\">https:\/\/vimeo.com\/privacy<\/a>.<\/p>\n\n\n\n<h2 class=\"wp-block-heading\">Google Maps<\/h2>\n\n\n\n<p>Wir verweisen auf die Landkarten des Dienstes \u201cGoogle Maps\u201d des Anbieters  Google ein. Zu den verarbeiteten Daten k\u00f6nnen insbesondere IP-Adressen  und Standortdaten der Nutzer geh\u00f6ren, die jedoch nicht ohne deren  Einwilligung (im Regelfall im Rahmen der Einstellungen ihrer Mobilger\u00e4te  konfiguriert), erhoben werden. Dienstanbieter: Google Ireland Limited,  Gordon House, Barrow Street, Dublin 4, Irland, Mutterunternehmen: Google  LLC, 1600 Amphitheatre Parkway, Mountain View, CA 94043, USA; Website: <a href=\"https:\/\/maps.google.de\" target=\"_blank\" rel=\"noreferrer noopener\">https:\/\/maps.google.de<\/a>; Datenschutzerkl\u00e4rung: <a href=\"https:\/\/policies.google.com\/privacy\" target=\"_blank\" rel=\"noreferrer noopener\">https:\/\/policies.google.com\/privacy<\/a>. <\/p>\n\n\n\n<h2 class=\"wp-block-heading\">Cookies<\/h2>\n\n\n\n<p>Unsere Website verwendet Cookies. Das sind kleine Textdateien, die \nIhr Webbrowser auf Ihrem Endger\u00e4t speichert. Cookies helfen uns dabei, \nunser Angebot nutzerfreundlicher, effektiver und sicherer zu machen. <\/p>\n\n\n\n<p>Einige Cookies sind \u201cSession-Cookies.\u201d Solche Cookies werden nach \nEnde Ihrer Browser-Sitzung von selbst gel\u00f6scht. Hingegen bleiben andere \nCookies auf Ihrem Endger\u00e4t bestehen, bis Sie diese selbst l\u00f6schen. \nSolche Cookies helfen uns, Sie bei R\u00fcckkehr auf\n\tunserer Website wiederzuerkennen.<\/p>\n\n\n\n<p>Mit einem modernen Webbrowser k\u00f6nnen Sie das Setzen von Cookies \n\u00fcberwachen, einschr\u00e4nken oder unterbinden. Viele Webbrowser lassen sich \nso konfigurieren, dass Cookies mit dem Schlie\u00dfen des Programms von \nselbst gel\u00f6scht werden. Die Deaktivierung von Cookies\n\tkann eine eingeschr\u00e4nkte Funktionalit\u00e4t unserer Website zur Folge \nhaben.<\/p>\n\n\n\n<p>Das Setzen von Cookies, die zur Aus\u00fcbung elektronischer \nKommunikationsvorg\u00e4nge oder der Bereitstellung bestimmter, von Ihnen \nerw\u00fcnschter Funktionen (z.B. Warenkorb) notwendig sind, erfolgt auf \nGrundlage von Art. 6 Abs. 1 lit. f DSGVO. Als Betreiber dieser\n\tWebsite haben wir ein berechtigtes Interesse an der Speicherung von \nCookies zur technisch fehlerfreien und reibungslosen Bereitstellung \nunserer Dienste. Sofern die Setzung anderer Cookies (z.B. f\u00fcr \nAnalyse-Funktionen) erfolgt, werden diese in dieser\n\tDatenschutzerkl\u00e4rung separat behandelt.<\/p>\n\n\n\n<p>Quellen: <\/p>\n\n\n\n<ul class=\"wp-block-list\">\n<li>Datenschutz-Konfigurator von <a href=\"http:\/\/www.mein-datenschutzbeauftragter.de\" target=\"_blank\" rel=\"noreferrer noopener\">mein-datenschutzbeauftragter.de<\/a><\/li>\n\n\n\n<li><a href=\"http:\/\/datenschutz-generator.de\">Datenschutz-Generator.de<\/a> von Dr. Thomas Schwenke<\/li>\n<\/ul>\n\n\n\n<p><\/p>\n","protected":false},"excerpt":{"rendered":"<p>Allgemeiner Hinweis und Pflichtinformationen Diese Datenschutzerkl\u00e4rung kl\u00e4rt Sie \u00fcber die Art, den Umfang und Zweck der Verarbeitung von personenbezogenen Daten innerhalb unseres Onlineangebotes und der mit ihm verbundenen Webseiten, Funktionen und Inhalte sowie externen Onlinepr\u00e4senzen, wie z.B. unser Social Media Profile auf . Im Hinblick auf die verwendeten Begrifflichkeiten, wie z.B. \u201eVerarbeitung\u201c oder \u201eVerantwortlicher\u201c verweisen &hellip; <\/p>\n<p class=\"link-more\"><a href=\"https:\/\/www.bogenfluesterer-ev.de\/?page_id=187\" class=\"more-link\"><span class=\"screen-reader-text\">\u201eDatenschutzerkl\u00e4rung\u201c<\/span> weiterlesen<\/a><\/p>\n","protected":false},"author":1,"featured_media":0,"parent":0,"menu_order":0,"comment_status":"closed","ping_status":"closed","template":"","meta":{"ngg_post_thumbnail":0,"footnotes":""},"class_list":["post-187","page","type-page","status-publish","hentry"],"_links":{"self":[{"href":"https:\/\/www.bogenfluesterer-ev.de\/index.php?rest_route=\/wp\/v2\/pages\/187","targetHints":{"allow":["GET"]}}],"collection":[{"href":"https:\/\/www.bogenfluesterer-ev.de\/index.php?rest_route=\/wp\/v2\/pages"}],"about":[{"href":"https:\/\/www.bogenfluesterer-ev.de\/index.php?rest_route=\/wp\/v2\/types\/page"}],"author":[{"embeddable":true,"href":"https:\/\/www.bogenfluesterer-ev.de\/index.php?rest_route=\/wp\/v2\/users\/1"}],"replies":[{"embeddable":true,"href":"https:\/\/www.bogenfluesterer-ev.de\/index.php?rest_route=%2Fwp%2Fv2%2Fcomments&post=187"}],"version-history":[{"count":7,"href":"https:\/\/www.bogenfluesterer-ev.de\/index.php?rest_route=\/wp\/v2\/pages\/187\/revisions"}],"predecessor-version":[{"id":990,"href":"https:\/\/www.bogenfluesterer-ev.de\/index.php?rest_route=\/wp\/v2\/pages\/187\/revisions\/990"}],"wp:attachment":[{"href":"https:\/\/www.bogenfluesterer-ev.de\/index.php?rest_route=%2Fwp%2Fv2%2Fmedia&parent=187"}],"curies":[{"name":"wp","href":"https:\/\/api.w.org\/{rel}","templated":true}]}}