{"id":143,"date":"2020-02-18T20:46:55","date_gmt":"2020-02-18T19:46:55","guid":{"rendered":"https:\/\/www.bogenfluesterer-ev.de\/?page_id=143"},"modified":"2023-08-12T18:59:18","modified_gmt":"2023-08-12T17:59:18","slug":"vereinskalender","status":"publish","type":"page","link":"https:\/\/www.bogenfluesterer-ev.de\/?page_id=143","title":{"rendered":"Vereinskalender"},"content":{"rendered":"\n<p>Im Vereinskalender sind alle wichtigen Termine wie Trainings, Sonderveranstaltungen, interessante Turniere und weitere Vereinstermine zu finden. <\/p>\n\n\n\n<iframe loading=\"lazy\" src=\"https:\/\/calendar.google.com\/calendar\/embed?height=600&amp;wkst=2&amp;bgcolor=%236cdef5&amp;ctz=Europe%2FBerlin&amp;src=dGVybWluZUBib2dlbmZsdWVzdGVyZXItZXYuZGU&amp;src=ZGUuZ2VybWFuI2hvbGlkYXlAZ3JvdXAudi5jYWxlbmRhci5nb29nbGUuY29t&amp;color=%234285F4&amp;color=%230B8043&amp;mode=WEEK\" style=\"border-width:0\" scrolling=\"no\" width=\"800\" height=\"600\" frameborder=\"0\"><\/iframe>\n\n\n\n<p>F\u00fcr eine bessere \u00dcbersicht im Webbrowser kann <a aria-label=\" hier (\u00f6ffnet in neuem Tab)\" rel=\"noreferrer noopener\" href=\"https:\/\/calendar.google.com\/calendar\/embed?src=termine%40bogenfluesterer-ev.de&amp;ctz=Europe%2FBerlin\" target=\"_blank\">hier<\/a> auf den Kalender auch in gro\u00dfer Darstellung zugegriffen werden.<\/p>\n\n\n\n<h2 class=\"wp-block-heading\">Zugriff f\u00fcr Kalender-Apps <\/h2>\n\n\n\n<p>M\u00f6chte man den Vereinskalender auch in seiner Kalender-App auf dem Smartphone, dem Tablet oder auf einem PC\/Mac nutzen, gibt es die M\u00f6glichkeit, den Kalender \u00fcber den folgenden Link einzubinden (iCal-Format): <br><br><a href=\"https:\/\/calendar.google.com\/calendar\/ical\/termine%40bogenfluesterer-ev.de\/public\/basic.ics\">https:\/\/calendar.google.com\/calendar\/ical\/termine%40bogenfluesterer-ev.de\/public\/basic.ics<\/a><\/p>\n\n\n\n<p><\/p>\n","protected":false},"excerpt":{"rendered":"<p>Im Vereinskalender sind alle wichtigen Termine wie Trainings, Sonderveranstaltungen, interessante Turniere und weitere Vereinstermine zu finden. F\u00fcr eine bessere \u00dcbersicht im Webbrowser kann hier auf den Kalender auch in gro\u00dfer Darstellung zugegriffen werden. Zugriff f\u00fcr Kalender-Apps M\u00f6chte man den Vereinskalender auch in seiner Kalender-App auf dem Smartphone, dem Tablet oder auf einem PC\/Mac nutzen, gibt &hellip; <\/p>\n<p class=\"link-more\"><a href=\"https:\/\/www.bogenfluesterer-ev.de\/?page_id=143\" class=\"more-link\"><span class=\"screen-reader-text\">\u201eVereinskalender\u201c<\/span> weiterlesen<\/a><\/p>\n","protected":false},"author":1,"featured_media":0,"parent":0,"menu_order":0,"comment_status":"closed","ping_status":"closed","template":"","meta":{"ngg_post_thumbnail":0,"footnotes":""},"class_list":["post-143","page","type-page","status-publish","hentry"],"_links":{"self":[{"href":"https:\/\/www.bogenfluesterer-ev.de\/index.php?rest_route=\/wp\/v2\/pages\/143","targetHints":{"allow":["GET"]}}],"collection":[{"href":"https:\/\/www.bogenfluesterer-ev.de\/index.php?rest_route=\/wp\/v2\/pages"}],"about":[{"href":"https:\/\/www.bogenfluesterer-ev.de\/index.php?rest_route=\/wp\/v2\/types\/page"}],"author":[{"embeddable":true,"href":"https:\/\/www.bogenfluesterer-ev.de\/index.php?rest_route=\/wp\/v2\/users\/1"}],"replies":[{"embeddable":true,"href":"https:\/\/www.bogenfluesterer-ev.de\/index.php?rest_route=%2Fwp%2Fv2%2Fcomments&post=143"}],"version-history":[{"count":35,"href":"https:\/\/www.bogenfluesterer-ev.de\/index.php?rest_route=\/wp\/v2\/pages\/143\/revisions"}],"predecessor-version":[{"id":1064,"href":"https:\/\/www.bogenfluesterer-ev.de\/index.php?rest_route=\/wp\/v2\/pages\/143\/revisions\/1064"}],"wp:attachment":[{"href":"https:\/\/www.bogenfluesterer-ev.de\/index.php?rest_route=%2Fwp%2Fv2%2Fmedia&parent=143"}],"curies":[{"name":"wp","href":"https:\/\/api.w.org\/{rel}","templated":true}]}}