{"id":14,"date":"2020-01-13T17:48:07","date_gmt":"2020-01-13T16:48:07","guid":{"rendered":"https:\/\/wp-a.bogenfluesterer-ev.de\/?page_id=14"},"modified":"2021-10-16T15:23:27","modified_gmt":"2021-10-16T14:23:27","slug":"startseite","status":"publish","type":"page","link":"https:\/\/www.bogenfluesterer-ev.de\/","title":{"rendered":"Startseite"},"content":{"rendered":"\n<p><strong>Herzlich Willkommen bei den Bogenfl\u00fcsterern im K\u00f6lner S\u00fcden!<\/strong><\/p>\n\n\n\n<p>Wir sind ein Verein leidenschaftlicher Bogensch\u00fctzen und sind dabei genauso vielf\u00e4ltig und f\u00fcr jeden geeignet, wie unsere sch\u00f6ne Sportart auch.<\/p>\n\n\n\n<p>Vom Neuling bis zum Experten,<br>vom Grundschulalter hin bis ins hohe Rentenalter,<br>vom selbstgebauten Langbogen bis zum hochmodernen Compoundbogen,<br>vom Freizeitsch\u00fctzen bis zum erfolgreichen Turniersch\u00fctzen,<br>vom Individualisten bis zum Vereinslebengenie\u00dfer \u2026<\/p>\n\n\n\n<p>\u2026 bei uns sind alle willkommen!<\/p>\n\n\n\n<p>Es erwartet euch ein abwechslungsreiches Training, vielf\u00e4ltige sportliche und au\u00dfersportliche Veranstaltungen und Aktivit\u00e4ten (z.B. Workshops, Wettk\u00e4mpfe, Ausfl\u00fcge, Vereinsfeste) und nat\u00fcrlich die M\u00f6glichkeit, neben dem Bogensport auch viele nette Leute kennenzulernen.\u00a0\u00a0<\/p>\n\n\n\n<p>Wenn auch ihr ein Bogenfl\u00fcsterer werden oder das Bogenschie\u00dfen einmal ausprobieren m\u00f6chtet, dann meldet euch doch einfach bei uns. Wir freuen uns auf euch!<\/p>\n\n\n\n<p>Eure Bogenfl\u00fcsterer<\/p>\n","protected":false},"excerpt":{"rendered":"<p>Herzlich Willkommen bei den Bogenfl\u00fcsterern im K\u00f6lner S\u00fcden! Wir sind ein Verein leidenschaftlicher Bogensch\u00fctzen und sind dabei genauso vielf\u00e4ltig und f\u00fcr jeden geeignet, wie unsere sch\u00f6ne Sportart auch. Vom Neuling bis zum Experten,vom Grundschulalter hin bis ins hohe Rentenalter,vom selbstgebauten Langbogen bis zum hochmodernen Compoundbogen,vom Freizeitsch\u00fctzen bis zum erfolgreichen Turniersch\u00fctzen,vom Individualisten bis zum Vereinslebengenie\u00dfer \u2026 &hellip; <\/p>\n<p class=\"link-more\"><a href=\"https:\/\/www.bogenfluesterer-ev.de\/\" class=\"more-link\"><span class=\"screen-reader-text\">\u201eStartseite\u201c<\/span> weiterlesen<\/a><\/p>\n","protected":false},"author":1,"featured_media":0,"parent":0,"menu_order":0,"comment_status":"closed","ping_status":"closed","template":"","meta":{"ngg_post_thumbnail":0,"footnotes":""},"class_list":["post-14","page","type-page","status-publish","hentry"],"_links":{"self":[{"href":"https:\/\/www.bogenfluesterer-ev.de\/index.php?rest_route=\/wp\/v2\/pages\/14","targetHints":{"allow":["GET"]}}],"collection":[{"href":"https:\/\/www.bogenfluesterer-ev.de\/index.php?rest_route=\/wp\/v2\/pages"}],"about":[{"href":"https:\/\/www.bogenfluesterer-ev.de\/index.php?rest_route=\/wp\/v2\/types\/page"}],"author":[{"embeddable":true,"href":"https:\/\/www.bogenfluesterer-ev.de\/index.php?rest_route=\/wp\/v2\/users\/1"}],"replies":[{"embeddable":true,"href":"https:\/\/www.bogenfluesterer-ev.de\/index.php?rest_route=%2Fwp%2Fv2%2Fcomments&post=14"}],"version-history":[{"count":12,"href":"https:\/\/www.bogenfluesterer-ev.de\/index.php?rest_route=\/wp\/v2\/pages\/14\/revisions"}],"predecessor-version":[{"id":442,"href":"https:\/\/www.bogenfluesterer-ev.de\/index.php?rest_route=\/wp\/v2\/pages\/14\/revisions\/442"}],"wp:attachment":[{"href":"https:\/\/www.bogenfluesterer-ev.de\/index.php?rest_route=%2Fwp%2Fv2%2Fmedia&parent=14"}],"curies":[{"name":"wp","href":"https:\/\/api.w.org\/{rel}","templated":true}]}}